{"id":5850,"date":"2015-12-23T20:45:58","date_gmt":"2015-12-23T19:45:58","guid":{"rendered":"https:\/\/denatuurlijkekapper.nl\/?page_id=5850"},"modified":"2018-09-27T15:47:03","modified_gmt":"2018-09-27T14:47:03","slug":"souhaits-en-matiere-de-cheveux","status":"publish","type":"page","link":"https:\/\/www.denatuurlijkekapper.nl\/fr\/haarwensen\/","title":{"rendered":"Souhaits en mati\u00e8re de cheveux"},"content":{"rendered":"<p>De nombreux enfants qui sont ou deviennent chauves \u00e0 la suite d'un traitement m\u00e9dical ou pour d'autres raisons donneraient n'importe quoi pour pouvoir vivre \u00e0 nouveau avec une chevelure compl\u00e8te.<\/p>\n<p>La Hair Wishes Foundation veille \u00e0 ce que ces enfants puissent porter une perruque faite de vrais cheveux. Sans frais pour les parents.<\/p>\n<p>Voulez-vous nous aider ?<\/p>\n<h2>Les r\u00e8gles de base du don de cheveux<\/h2>\n<p>- La longueur des cheveux doit \u00eatre d'au moins 30 cm (mesur\u00e9s d\u00e9tach\u00e9s).<br \/>\n- Toutes les couleurs de cheveux naturelles, \u00e0 l'exception des cheveux gris, sont les bienvenues.<br \/>\n- Envoyer les cheveux propres, secs et en tresse.<br \/>\n- Les cheveux doivent \u00eatre doux et souples.<br \/>\n- Les cheveux teints, trait\u00e9s, d\u00e9color\u00e9s ou avec des m\u00e8ches ne peuvent pas \u00eatre utilis\u00e9s.<\/p>\n<p>The Natural Hairdresser soutient cette fondation. Et c'est pourquoi vous pouvez obtenir vos cheveux <strong>GRATUIT<\/strong> vous faire couper les cheveux si vous donnez 30 cm ou plus de cheveux \u00e0 la Fondation Hair Wishes.<\/p>\n<p>Sur le site web, vous trouverez toutes les informations dont vous avez besoin si vous souhaitez donner des cheveux ou recevoir une perruque. Vous trouverez \u00e9galement des informations sur la mani\u00e8re de soutenir Stichting Haarwensen et bien plus encore.<\/p>\n<p>Pour plus d'informations, consulter le site <a href=\"http:\/\/www.haarwensen.nl\" target=\"_blank\" rel=\"noopener\">www.haarwensen.nl<\/a><\/p>","protected":false},"excerpt":{"rendered":"<p>Veel kinderen die als gevolg van een medische behandeling of een andere oorzaak kaal zijn of worden, zouden er alles voor over hebben om weer met een volle haardos door het leven te kunnen. Stichting Haarwensen zorgt ervoor dat deze kinderen een pruik van echt haar kunnen dragen. Zonder dat daar kosten aan verbonden zijn  [&#8230;]<\/p>\n","protected":false},"author":1,"featured_media":0,"parent":0,"menu_order":0,"comment_status":"closed","ping_status":"closed","template":"","meta":{"_joinchat":[],"footnotes":""},"class_list":["post-5850","page","type-page","status-publish","hentry"],"_links":{"self":[{"href":"https:\/\/www.denatuurlijkekapper.nl\/fr\/wp-json\/wp\/v2\/pages\/5850","targetHints":{"allow":["GET"]}}],"collection":[{"href":"https:\/\/www.denatuurlijkekapper.nl\/fr\/wp-json\/wp\/v2\/pages"}],"about":[{"href":"https:\/\/www.denatuurlijkekapper.nl\/fr\/wp-json\/wp\/v2\/types\/page"}],"author":[{"embeddable":true,"href":"https:\/\/www.denatuurlijkekapper.nl\/fr\/wp-json\/wp\/v2\/users\/1"}],"replies":[{"embeddable":true,"href":"https:\/\/www.denatuurlijkekapper.nl\/fr\/wp-json\/wp\/v2\/comments?post=5850"}],"version-history":[{"count":0,"href":"https:\/\/www.denatuurlijkekapper.nl\/fr\/wp-json\/wp\/v2\/pages\/5850\/revisions"}],"wp:attachment":[{"href":"https:\/\/www.denatuurlijkekapper.nl\/fr\/wp-json\/wp\/v2\/media?parent=5850"}],"curies":[{"name":"wp","href":"https:\/\/api.w.org\/{rel}","templated":true}]}}