{"id":10169,"date":"2019-03-15T13:17:12","date_gmt":"2019-03-15T12:17:12","guid":{"rendered":"https:\/\/denatuurlijkekapper.nl\/?page_id=10169"},"modified":"2025-12-10T19:42:52","modified_gmt":"2025-12-10T18:42:52","slug":"coloration-vegetale-100-naturelle","status":"publish","type":"page","link":"https:\/\/www.denatuurlijkekapper.nl\/fr\/100-procent-natuurlijke-haarverf-plantenkleuring\/","title":{"rendered":"100% teinture naturelle (coloration v\u00e9g\u00e9tale)"},"content":{"rendered":"<div class=\"fusion-fullwidth fullwidth-box fusion-builder-row-1 fusion-flex-container nonhundred-percent-fullwidth non-hundred-percent-height-scrolling\" style=\"--awb-border-radius-top-left:0px;--awb-border-radius-top-right:0px;--awb-border-radius-bottom-right:0px;--awb-border-radius-bottom-left:0px;--awb-flex-wrap:wrap;\" ><div class=\"fusion-builder-row fusion-row fusion-flex-align-items-flex-start fusion-flex-content-wrap\" style=\"max-width:1216.8px;margin-left: calc(-4% \/ 2 );margin-right: calc(-4% \/ 2 );\"><div class=\"fusion-layout-column fusion_builder_column fusion-builder-column-0 fusion_builder_column_1_1 1_1 fusion-flex-column\" style=\"--awb-bg-size:cover;--awb-width-large:100%;--awb-margin-top-large:0px;--awb-spacing-right-large:1.92%;--awb-margin-bottom-large:0px;--awb-spacing-left-large:1.92%;--awb-width-medium:100%;--awb-spacing-right-medium:1.92%;--awb-spacing-left-medium:1.92%;--awb-width-small:100%;--awb-spacing-right-small:1.92%;--awb-spacing-left-small:1.92%;\"><div class=\"fusion-column-wrapper fusion-flex-justify-content-flex-start fusion-content-layout-column\"><div class=\"fusion-text fusion-text-1\"><div id=\"attachment_10170\" style=\"width: 235px\" class=\"wp-caption alignright\"><img decoding=\"async\" aria-describedby=\"caption-attachment-10170\" class=\"wp-image-10170 size-medium\" src=\"https:\/\/www.denatuurlijkekapper.nl\/wp-content\/uploads\/2019\/03\/100-natuurlijke-plantenkleuring-haarverf-225x300.jpeg\" alt=\"100% teinture v\u00e9g\u00e9tale naturelle pour cheveux\" width=\"225\" height=\"300\" srcset=\"https:\/\/www.denatuurlijkekapper.nl\/wp-content\/uploads\/2019\/03\/100-natuurlijke-plantenkleuring-haarverf-64x85.jpeg 64w, https:\/\/www.denatuurlijkekapper.nl\/wp-content\/uploads\/2019\/03\/100-natuurlijke-plantenkleuring-haarverf-200x267.jpeg 200w, https:\/\/www.denatuurlijkekapper.nl\/wp-content\/uploads\/2019\/03\/100-natuurlijke-plantenkleuring-haarverf-225x300.jpeg 225w, https:\/\/www.denatuurlijkekapper.nl\/wp-content\/uploads\/2019\/03\/100-natuurlijke-plantenkleuring-haarverf-400x533.jpeg 400w, https:\/\/www.denatuurlijkekapper.nl\/wp-content\/uploads\/2019\/03\/100-natuurlijke-plantenkleuring-haarverf-600x800.jpeg 600w, https:\/\/www.denatuurlijkekapper.nl\/wp-content\/uploads\/2019\/03\/100-natuurlijke-plantenkleuring-haarverf-700x933.jpeg 700w, https:\/\/www.denatuurlijkekapper.nl\/wp-content\/uploads\/2019\/03\/100-natuurlijke-plantenkleuring-haarverf-768x1024.jpeg 768w, https:\/\/www.denatuurlijkekapper.nl\/wp-content\/uploads\/2019\/03\/100-natuurlijke-plantenkleuring-haarverf-800x1067.jpeg 800w, https:\/\/www.denatuurlijkekapper.nl\/wp-content\/uploads\/2019\/03\/100-natuurlijke-plantenkleuring-haarverf.jpeg 1200w\" sizes=\"(max-width: 225px) 100vw, 225px\" \/><p id=\"caption-attachment-10170\" class=\"wp-caption-text\">100% teinture v\u00e9g\u00e9tale naturelle pour cheveux<\/p><\/div>\n<p>\u00c0 la recherche de <strong>100% naturel<\/strong> colorant v\u00e9g\u00e9tal \/ teinture pour cheveux en <strong>Alphen aan den Rijn<\/strong>?<br \/>\nChez The Natural Hairdresser, vous pouvez mettre vos cheveux sur un <strong>100% coloration naturelle<\/strong>sans produits chimiques nocifs tels que le PDD, l'ammoniaque et le peroxyde.<\/p>\n<h2>100% Teintures capillaires naturelles et non naturelles<\/h2>\n<p>Les colorations traditionnelles, non naturelles et \"chimiques\" ab\u00eement les cheveux, tandis que nos colorations naturelles les nourrissent. Les colorations naturelles conviennent parfaitement aux personnes \u00e0 la peau sensible.<br \/>\nAvec une teinture traditionnelle \"chimique\", les agents d\u00e9colorants endommagent la couche externe du cheveu et p\u00e9n\u00e8trent au c\u0153ur du cheveu.<br \/>\nLes cheveux color\u00e9s avec une teinture ordinaire deviennent alors souvent secs, poreux et ternes.<br \/>\nNombre de ces teintures contiennent \u00e9galement de la p-ph\u00e9nyl\u00e8nediamine (PDD), qui provoque des r\u00e9actions allergiques et des irritations cutan\u00e9es chez un nombre croissant de personnes.<\/p>\n<h2>Teinture pour cheveux naturels<\/h2>\n<p>Notre coloration naturelle ne contient que des ingr\u00e9dients naturels et m\u00e9dicinaux, reconnus par <a href=\"https:\/\/www.ayurveda.nl\/content\/ayurveda-en-gezondheid\/wat-is-ayurveda\" target=\"_blank\" rel=\"noopener noreferrer\">Ayurveda<\/a>. La coloration respecte votre propre couleur de cheveux, les pigments naturels ne sont pas affect\u00e9s et la texture reste inchang\u00e9e.<br \/>\nNotre coloration forme une couche autour du cheveu au lieu de le p\u00e9n\u00e9trer. Cette couche protectrice s'\u00e9paissit, rendant les cheveux plus forts et plus brillants.<br \/>\nLa combinaison de votre propre couleur de cheveux cr\u00e9e des nuances de couleur naturelles, ce qui donne un aspect naturel.<br \/>\nEn fait, il ne s'agit pas seulement d'une coloration, mais aussi d'un traitement de sant\u00e9 capillaire.<\/p>\n<h2>Pourquoi choisir la coloration naturelle ?<\/h2>\n<ul>\n<li>Contre les dommages caus\u00e9s aux cheveux, les irritations de la peau et les r\u00e9actions allergiques<\/li>\n<li>Utilisation sans danger pendant la grossesse<\/li>\n<li>Pour des cheveux plus sains, une couleur naturelle et plus intense et une belle brillance<\/li>\n<li>Am\u00e9lioration de la structure et de l'\u00e9tat des cheveux<\/li>\n<li>Protection UV<\/li>\n<li>R\u00e9duire le risque de casse et de perte de cheveux, \u00e0 condition qu'il n'y ait pas d'autre raison (m\u00e9dicale).<\/li>\n<li>Propri\u00e9t\u00e9s antipelliculaires<\/li>\n<li>Coloration des cheveux gris avec 100% grey coverage<\/li>\n<\/ul>\n<h2>Quelques ingr\u00e9dients<\/h2>\n<p><strong>Brahmi<\/strong><strong>: <\/strong>Brahmi est un tonique capillaire. Il nourrit les cheveux et renforce leurs racines.<br \/>\n<strong>Amla<\/strong><strong>: <\/strong>Poss\u00e8de des propri\u00e9t\u00e9s antipelliculaires et revitalise les cheveux.<br \/>\n<strong>Henn\u00e9 : <\/strong>Le henn\u00e9 est une teinture hypoallerg\u00e9nique.<br \/>\n<strong>Shikakai<\/strong>Shikakai : Le shikakai adoucit les cheveux et stimule leur croissance. Il poss\u00e8de \u00e9galement des propri\u00e9t\u00e9s antipelliculaires.<br \/>\n<strong>Bhringraj :<\/strong> Pour favoriser la croissance des cheveux et r\u00e9parer les cheveux ab\u00eem\u00e9s<\/p>\n<h2>Quantit\u00e9s utilis\u00e9es<\/h2>\n<div class=\"table-1\">\n<table width=\"100%\">\n<tbody>\n<tr>\n<th scope=\"col\">100% COLORATION NATURELLE DES PLANTES<\/th>\n<th scope=\"col\"><\/th>\n<\/tr>\n<tr>\n<td width=\"302\">COLORATION D'UNE SEULE PLANTE<\/td>\n<td width=\"302\">DOUBLE COLORATION DES PLANTES<\/td>\n<\/tr>\n<tr>\n<td width=\"302\">Cheveux courts (jusqu'\u00e0 50 g)<\/td>\n<td width=\"302\">Cheveux courts (jusqu'\u00e0 100 g)<\/td>\n<\/tr>\n<tr>\n<td width=\"302\">Cheveux mi-longs (jusqu'\u00e0 80 g)<\/td>\n<td width=\"302\">Cheveux mi-longs (jusqu'\u00e0 160 g)<\/td>\n<\/tr>\n<tr>\n<td width=\"302\">Cheveux longs (jusqu'\u00e0 100 g)<\/td>\n<td width=\"302\">Cheveux longs (jusqu'\u00e0 200 g)<\/td>\n<\/tr>\n<\/tbody>\n<\/table>\n<\/div>\n<p>*(Pour une utilisation sup\u00e9rieure \u00e0 la poudre sp\u00e9cifi\u00e9e, un suppl\u00e9ment est appliqu\u00e9) Voir tous les prix ici : <a href=\"https:\/\/afspraken.denatuurlijkekapper.nl\/\" target=\"_blank\" rel=\"noopener\">https:\/\/afspraken.denatuurlijkekapper.nl\/<\/a><\/p>\n<\/div><\/div><\/div><\/div><\/div>","protected":false},"excerpt":{"rendered":"","protected":false},"author":1,"featured_media":0,"parent":0,"menu_order":0,"comment_status":"closed","ping_status":"closed","template":"","meta":{"_joinchat":[],"footnotes":""},"class_list":["post-10169","page","type-page","status-publish","hentry"],"_links":{"self":[{"href":"https:\/\/www.denatuurlijkekapper.nl\/fr\/wp-json\/wp\/v2\/pages\/10169","targetHints":{"allow":["GET"]}}],"collection":[{"href":"https:\/\/www.denatuurlijkekapper.nl\/fr\/wp-json\/wp\/v2\/pages"}],"about":[{"href":"https:\/\/www.denatuurlijkekapper.nl\/fr\/wp-json\/wp\/v2\/types\/page"}],"author":[{"embeddable":true,"href":"https:\/\/www.denatuurlijkekapper.nl\/fr\/wp-json\/wp\/v2\/users\/1"}],"replies":[{"embeddable":true,"href":"https:\/\/www.denatuurlijkekapper.nl\/fr\/wp-json\/wp\/v2\/comments?post=10169"}],"version-history":[{"count":1,"href":"https:\/\/www.denatuurlijkekapper.nl\/fr\/wp-json\/wp\/v2\/pages\/10169\/revisions"}],"predecessor-version":[{"id":14696,"href":"https:\/\/www.denatuurlijkekapper.nl\/fr\/wp-json\/wp\/v2\/pages\/10169\/revisions\/14696"}],"wp:attachment":[{"href":"https:\/\/www.denatuurlijkekapper.nl\/fr\/wp-json\/wp\/v2\/media?parent=10169"}],"curies":[{"name":"wp","href":"https:\/\/api.w.org\/{rel}","templated":true}]}}