{"id":5850,"date":"2015-12-23T20:45:58","date_gmt":"2015-12-23T19:45:58","guid":{"rendered":"https:\/\/denatuurlijkekapper.nl\/?page_id=5850"},"modified":"2018-09-27T15:47:03","modified_gmt":"2018-09-27T14:47:03","slug":"haarwunsche","status":"publish","type":"page","link":"https:\/\/www.denatuurlijkekapper.nl\/de\/haarwensen\/","title":{"rendered":"Haarw\u00fcnsche"},"content":{"rendered":"<p>Viele Kinder, die aufgrund einer medizinischen Behandlung oder aus anderen Gr\u00fcnden eine Glatze haben oder bekommen, w\u00fcrden alles daf\u00fcr geben, wieder mit vollem Haar durchs Leben gehen zu k\u00f6nnen.<\/p>\n<p>Die Stichting Haarwensen sorgt daf\u00fcr, dass diese Kinder eine Per\u00fccke aus Echthaar tragen k\u00f6nnen. F\u00fcr die Eltern ist das kostenlos.<\/p>\n<p>Werden Sie helfen?<\/p>\n<h2>Die Grundregeln f\u00fcr Haarspenden<\/h2>\n<p>- Die L\u00e4nge der Haare sollte mindestens 30 cm betragen (lose gemessen).<br \/>\n- Alle nat\u00fcrlichen Haarfarben, au\u00dfer grauem Haar, sind willkommen.<br \/>\n- Senden Sie das Haar sauber, trocken und in einem Zopf.<br \/>\n- Das Haar sollte sich weich und geschmeidig anf\u00fchlen.<br \/>\n- Gef\u00e4rbtes, behandeltes, gebleichtes Haar oder Haar mit Str\u00e4hnchen kann nicht verwendet werden.<\/p>\n<p>Der Natural Hairdresser unterst\u00fctzt diese Stiftung. Und deshalb k\u00f6nnen Sie Ihr Haar bekommen <strong>KOSTENLOS<\/strong> lassen Sie sich die Haare schneiden, wenn Sie der Hair Wishes Foundation 30 cm oder mehr Haare spenden.<\/p>\n<p>Auf der Website finden Sie alle Informationen, die Sie ben\u00f6tigen, wenn Sie Haare spenden oder eine Per\u00fccke erhalten m\u00f6chten. Au\u00dferdem finden Sie Informationen dar\u00fcber, wie Sie die Stichting Haarwensen unterst\u00fctzen k\u00f6nnen und vieles mehr.<\/p>\n<p>Weitere Informationen finden Sie unter <a href=\"http:\/\/www.haarwensen.nl\" target=\"_blank\" rel=\"noopener\">www.haarwensen.nl<\/a><\/p>","protected":false},"excerpt":{"rendered":"<p>Veel kinderen die als gevolg van een medische behandeling of een andere oorzaak kaal zijn of worden, zouden er alles voor over hebben om weer met een volle haardos door het leven te kunnen. Stichting Haarwensen zorgt ervoor dat deze kinderen een pruik van echt haar kunnen dragen. Zonder dat daar kosten aan verbonden zijn  [&#8230;]<\/p>\n","protected":false},"author":1,"featured_media":0,"parent":0,"menu_order":0,"comment_status":"closed","ping_status":"closed","template":"","meta":{"_joinchat":[],"footnotes":""},"class_list":["post-5850","page","type-page","status-publish","hentry"],"_links":{"self":[{"href":"https:\/\/www.denatuurlijkekapper.nl\/de\/wp-json\/wp\/v2\/pages\/5850","targetHints":{"allow":["GET"]}}],"collection":[{"href":"https:\/\/www.denatuurlijkekapper.nl\/de\/wp-json\/wp\/v2\/pages"}],"about":[{"href":"https:\/\/www.denatuurlijkekapper.nl\/de\/wp-json\/wp\/v2\/types\/page"}],"author":[{"embeddable":true,"href":"https:\/\/www.denatuurlijkekapper.nl\/de\/wp-json\/wp\/v2\/users\/1"}],"replies":[{"embeddable":true,"href":"https:\/\/www.denatuurlijkekapper.nl\/de\/wp-json\/wp\/v2\/comments?post=5850"}],"version-history":[{"count":0,"href":"https:\/\/www.denatuurlijkekapper.nl\/de\/wp-json\/wp\/v2\/pages\/5850\/revisions"}],"wp:attachment":[{"href":"https:\/\/www.denatuurlijkekapper.nl\/de\/wp-json\/wp\/v2\/media?parent=5850"}],"curies":[{"name":"wp","href":"https:\/\/api.w.org\/{rel}","templated":true}]}}