{"id":5776,"date":"2015-12-23T11:34:27","date_gmt":"2015-12-23T10:34:27","guid":{"rendered":"https:\/\/denatuurlijkekapper.nl\/?page_id=5776"},"modified":"2026-03-09T21:47:11","modified_gmt":"2026-03-09T20:47:11","slug":"ihre","status":"publish","type":"page","link":"https:\/\/www.denatuurlijkekapper.nl\/de\/haar\/","title":{"rendered":"Tipps und Tricks f\u00fcr das Haar"},"content":{"rendered":"<div class=\"fusion-fullwidth fullwidth-box fusion-builder-row-1 fusion-flex-container nonhundred-percent-fullwidth non-hundred-percent-height-scrolling\" style=\"--awb-border-radius-top-left:0px;--awb-border-radius-top-right:0px;--awb-border-radius-bottom-right:0px;--awb-border-radius-bottom-left:0px;--awb-flex-wrap:wrap;\" ><div class=\"fusion-builder-row fusion-row fusion-flex-align-items-flex-start fusion-flex-content-wrap\" style=\"max-width:1216.8px;margin-left: calc(-4% \/ 2 );margin-right: calc(-4% \/ 2 );\"><div class=\"fusion-layout-column fusion_builder_column fusion-builder-column-0 fusion_builder_column_1_1 1_1 fusion-flex-column\" style=\"--awb-bg-size:cover;--awb-width-large:100%;--awb-margin-top-large:0px;--awb-spacing-right-large:1.92%;--awb-margin-bottom-large:0px;--awb-spacing-left-large:1.92%;--awb-width-medium:100%;--awb-spacing-right-medium:1.92%;--awb-spacing-left-medium:1.92%;--awb-width-small:100%;--awb-spacing-right-small:1.92%;--awb-spacing-left-small:1.92%;\"><div class=\"fusion-column-wrapper fusion-flex-justify-content-flex-start fusion-content-layout-column\"><div class=\"fusion-text fusion-text-1\"><p>Gepflegtes Haar sieht sch\u00f6n aus. Aber wie h\u00e4lt man sein Haar eigentlich gesund und gepflegt?<\/p>\n<p>&nbsp;<\/p>\n<p>Hier finden Sie einige Tipps und Tricks, um Ihr Haar gut zu pflegen:<\/p>\n<p>- Schulterlanges Haar ist im Durchschnitt etwa zwei Jahre alt. Wenn Ihr Haar bis zur Taille reicht, k\u00f6nnen Ihre Haarspitzen bis zu sechs Jahre alt sein. In dieser Zeit k\u00f6nnen sie Schaden nehmen, egal wie vorsichtig Sie sind. Behandeln Sie Ihr Haar daher wie ein St\u00fcck feine, alte Spitze.<\/p>\n<p>- B\u00fcrsten Sie Ihr Haar wie folgt: Beginnen Sie in kleinen Abschnitten mit dem K\u00e4mmen der Spitzen und arbeiten Sie sich St\u00fcck f\u00fcr St\u00fcck zum Ansatz vor. Verfilzungen k\u00f6nnen Ihr Haar sch\u00e4digen, daher sollten Sie sie vermeiden.<\/p>\n<p>- Vermeiden Sie es, Ihr Haar so oft wie m\u00f6glich zu reiben. Vermeiden Sie Verfilzungen, indem Sie nicht mit offenem Haar schlafen. Wenn Sie dies doch tun m\u00f6chten, k\u00f6nnen Sie einen Satin-Kopfkissenbezug verwenden. Das Haar reibt an St\u00fchlen, W\u00e4nden und an Ihrer Kleidung, was zu Sch\u00e4den und Glanzverlust f\u00fchren kann. Tragen Sie Ihr Haar geflochten oder hochgesteckt, wenn Sie k\u00f6nnen, um t\u00e4gliche Reibung und Sch\u00e4den zu vermeiden. Denn bei extrem gesch\u00e4digtem Haar hilft nur noch die Schere!<\/p>\n<p>- Verwenden Sie Gummib\u00e4nder ohne Metallteil. Zum einen verringert das Metallteil die Elastizit\u00e4t, zum anderen kann es Ihr Haar besch\u00e4digen.<\/p>\n<p>- Waschen Sie Ihr Haar jeden Tag oder einmal pro Woche? Das ist bei jedem anders. Sie wissen am besten, wann es notwendig ist. Wenn Sie es gewohnt sind, Ihr Haar jeden Tag zu waschen, verwenden Sie ein sehr mildes Shampoo. Zu viele Reinigungssubstanzen in Ihrem Haar sch\u00e4digen seine nat\u00fcrliche Schutzschicht.<\/p>\n<p>- Verwenden Sie qualitativ hochwertige Haarprodukte, die f\u00fcr Ihren Haartyp geeignet sind und tats\u00e4chlich etwas f\u00fcr Ihr Haar tun. Verwenden Sie immer eine Sp\u00fclung und lassen Sie das Produkt in Ruhe einwirken, bevor Sie es mit Wasser aussp\u00fclen. Wenn Sie keine Geduld f\u00fcr eine Sp\u00fclung haben, die Sie aussp\u00fclen m\u00fcssen, w\u00e4hlen Sie ein Leave-in-Produkt, das Sie nach dem Waschen auf das handtuchtrockene Haar auftragen und nicht aussp\u00fclen m\u00fcssen.<\/p>\n<p>- Entwirren Sie Ihr Haar vollst\u00e4ndig, bevor Sie es waschen. Sobald alle Verwicklungen beseitigt sind, verwenden Sie eine B\u00fcrste mit feinem Haar, um alle losen Haare zu entfernen. Auf diese Weise wird die Wahrscheinlichkeit, dass sich die Haare beim Waschen verheddern, verringert (und der Abfluss verstopft weniger leicht).<\/p>\n<p>- Lassen Sie sich regelm\u00e4\u00dfig die Kopfhaut massieren, um die Durchblutung und die Haarfollikel anzuregen.<\/p>\n<p>- Sammeln Sie Ihr Haar beim Waschen nicht auf dem Kopf, sonst verheddern Sie sich.<br \/>\nTragen Sie das Shampoo nur an den Wurzeln auf und waschen Sie Ihre Kopfhaut. Anschlie\u00dfend k\u00f6nnen Sie etwas Wasser hinzuf\u00fcgen, um es leichter in den Spitzen zu verteilen, oder Sie k\u00f6nnen das Shampoo auch einfach aussp\u00fclen, ohne es vorher in die L\u00e4ngen einzumassieren. Denn der Schaum flie\u00dft beim Aussp\u00fclen \u00fcber das Haar und reinigt es ausreichend, ohne es zu sehr zu entfetten und auszutrocknen. Auf diese Weise vermeiden Sie das Ph\u00e4nomen fettiger Ansatz\/Trockene Spitzen.<\/p>\n<p>- Eine noch bessere Methode ist es, zuerst eine Sp\u00fclung auf die L\u00e4ngen aufzutragen. Dann tragen Sie Shampoo auf die Kopfhaut auf und waschen sie. Auf diese Weise pflegen Sie die Spitzen und sch\u00fctzen sie vor den Reinigungsmitteln im Shampoo. Nachdem Sie das Shampoo in die Kopfhaut einmassiert haben, sp\u00fclen Sie die Sp\u00fclung und das Shampoo zusammen aus.<\/p>\n<p>- Verwenden Sie nach jeder Haarw\u00e4sche eine Sp\u00fclung, auch nach der oben beschriebenen Methode! Verwenden Sie diese haupts\u00e4chlich f\u00fcr die Spitzen und die L\u00e4ngen. Wenn Sie eine trockene Kopfhaut haben, k\u00f6nnen Sie die Sp\u00fclung auf das gesamte Haar auftragen, ansonsten ist es am besten, wenn Sie sich nur auf die L\u00e4ngen beschr\u00e4nken. Entwirren Sie Ihr Haar sanft, w\u00e4hrend die Sp\u00fclung einwirkt und w\u00e4hrend Sie sie aussp\u00fclen. So l\u00e4sst sich Ihr Haar nach der W\u00e4sche leichter entwirren.<\/p>\n<p>- Wenn Ihr Haar sehr grob oder stark gelockt ist oder wenn Sie die oben genannten Ratschl\u00e4ge nicht befolgt haben und Ihr Haar gesch\u00e4digt ist, k\u00f6nnen Sie zus\u00e4tzlich zu Ihrer normalen Sp\u00fclung, die Sie aussp\u00fclen, eine Leave-in-Sp\u00fclung verwenden. Sie k\u00f6nnen auch eine kleine Menge Ihrer Lieblingssp\u00fclung oder ein paar Tropfen \u00d6l verwenden. Seien Sie damit aber vorsichtig, denn Ihr Haar kann leicht wieder fettig aussehen. Wenn Sie zu wenig haben, k\u00f6nnen Sie immer noch ein wenig mehr nehmen.<\/p>\n<p>- Sie k\u00f6nnen Ihr Haar auch einfach mit einer Sp\u00fclung \"waschen\". Anstatt das Haar zu entfetten, wie es bei Shampoo der Fall ist, l\u00f6st die Sp\u00fclung den ganzen Schmutz aus dem Haar, so dass Sie es einfach aussp\u00fclen k\u00f6nnen.<br \/>\nDas Wichtigste ist, dass Sie eine ausreichende Menge Sp\u00fclung verwenden und diese mindestens 10 Minuten einwirken lassen, die Kopfhaut massieren und sorgf\u00e4ltig absp\u00fclen.<\/p>\n<p>- Sp\u00fclen Sie Ihr Haar mit so kaltem Wasser wie m\u00f6glich aus. Dadurch schlie\u00dft sich die \"Haarkutikula\", so dass Ihr Haar nicht mehr so leicht verknotet und bricht, aber gleichzeitig wird Ihr Haar auch glatter und gl\u00e4nzender. Sie werden es vielleicht nicht glauben, aber Sie werden sich daran gew\u00f6hnen, und es wird Ihnen guttun!<\/p>\n<p>- G\u00f6nnen Sie Ihrem Haar mindestens einmal im Monat eine intensive Behandlung, auch wenn es gesund ist. Wenn Ihr Haar trocken oder gesch\u00e4digt ist, k\u00f6nnen Sie dies w\u00f6chentlich tun. Dazu k\u00f6nnen Sie eine Haarmaske oder eine pflegende Sp\u00fclung verwenden, die Sie einige Zeit im Haar lassen.<\/p>\n<p>- Anstatt Ihr Haar mit einem Handtuch trocken zu rubbeln, kneifen und tupfen Sie Ihre L\u00e4ngen sanft zwischen dem Handtuch ab, oder wickeln Sie Ihr Haar in ein gro\u00dfes Handtuch.<\/p>\n<p>- Wenn Sie sich entscheiden, Ihr Haar wachsen zu lassen, ist es besser, die vorhandenen Sch\u00e4den an Ihrem Haar abzuschneiden. Wenn gesch\u00e4digtes Haar nicht abgeschnitten wird, kann es dazu f\u00fchren, dass das Haar abbricht und sich erneut spaltet. Um gesundes langes Haar zu haben, ist es also besser, mit gesundem Haar zu beginnen.<\/p>\n<p>- Schneiden Sie Ihr Haar regelm\u00e4\u00dfig. Wenn Ihr Haar gesch\u00e4digt ist, kann der Schaden weiter zunehmen. Um dies zu vermeiden, ist es besser, die Sch\u00e4den sofort zu schneiden, wenn sie auftreten.<\/p>\n<p>- Wenn Sie Ihre derzeitige Haarl\u00e4nge beibehalten wollen, k\u00f6nnen Sie jeden Monat einen bis anderthalb Zentimeter abschneiden (das ist die durchschnittliche Wachstumsrate). Wenn Sie Ihr Haar lang wachsen lassen m\u00f6chten, k\u00f6nnen Sie es alle drei oder vier Monate um 1 bis 1,5 Zentimeter k\u00fcrzen.<\/p>\n<p>- Wenn Ihr Haar anf\u00e4ngt, Sch\u00e4den aufzuweisen, sollten Sie es h\u00e4ufiger schneiden. Besch\u00e4digtes Haar w\u00e4chst nicht l\u00e4nger, sondern bricht ab. Mit der Zeit wird der Schaden nur noch schlimmer.<\/p>\n<p>- Vermeiden Sie gechlortes und salzhaltiges Wasser. Waschen Sie Ihr Haar so schnell wie m\u00f6glich nach dem Schwimmen mit Shampoo. Minimieren Sie den Austrocknungseffekt, indem Sie Ihr Haar vor dem Schwimmen vollst\u00e4ndig mit klarem Wasser benetzen, damit es weniger Chlor- oder Meerwasser aufnehmen kann. Sie k\u00f6nnen auch eine Sp\u00fclung auf Ihr Haar auftragen und es hochstecken oder zu einem Zopf flechten, so bleibt Ihr Haar beim Schwimmen mehr oder weniger gesch\u00fctzt.<\/p>\n<p>- Wenn Sie viel Zeit in der Sonne verbringen, verwenden Sie am besten eine Sp\u00fclung mit Sonnenschutzfaktor oder bedecken Sie Ihr Haar mit einem Schal, einem Kopftuch, einer M\u00fctze oder einem Hut.<\/p>\n<p>&nbsp;<\/p>\n<\/div><\/div><\/div><\/div><\/div>","protected":false},"excerpt":{"rendered":"","protected":false},"author":1,"featured_media":0,"parent":0,"menu_order":0,"comment_status":"closed","ping_status":"closed","template":"","meta":{"_joinchat":[],"footnotes":""},"class_list":["post-5776","page","type-page","status-publish","hentry"],"_links":{"self":[{"href":"https:\/\/www.denatuurlijkekapper.nl\/de\/wp-json\/wp\/v2\/pages\/5776","targetHints":{"allow":["GET"]}}],"collection":[{"href":"https:\/\/www.denatuurlijkekapper.nl\/de\/wp-json\/wp\/v2\/pages"}],"about":[{"href":"https:\/\/www.denatuurlijkekapper.nl\/de\/wp-json\/wp\/v2\/types\/page"}],"author":[{"embeddable":true,"href":"https:\/\/www.denatuurlijkekapper.nl\/de\/wp-json\/wp\/v2\/users\/1"}],"replies":[{"embeddable":true,"href":"https:\/\/www.denatuurlijkekapper.nl\/de\/wp-json\/wp\/v2\/comments?post=5776"}],"version-history":[{"count":2,"href":"https:\/\/www.denatuurlijkekapper.nl\/de\/wp-json\/wp\/v2\/pages\/5776\/revisions"}],"predecessor-version":[{"id":14709,"href":"https:\/\/www.denatuurlijkekapper.nl\/de\/wp-json\/wp\/v2\/pages\/5776\/revisions\/14709"}],"wp:attachment":[{"href":"https:\/\/www.denatuurlijkekapper.nl\/de\/wp-json\/wp\/v2\/media?parent=5776"}],"curies":[{"name":"wp","href":"https:\/\/api.w.org\/{rel}","templated":true}]}}